{"id":579,"date":"2016-11-22T10:41:40","date_gmt":"2016-11-22T10:41:40","guid":{"rendered":"http:\/\/quanticalabs.com\/wp_themes2\/portada\/?page_id=579"},"modified":"2023-02-28T17:49:25","modified_gmt":"2023-02-28T20:49:25","slug":"daniela-castro-vitoretti","status":"publish","type":"page","link":"https:\/\/danivitoretti.com\/psicanalise\/daniela-castro-vitoretti\/","title":{"rendered":"Daniela Castro Vitoretti"},"content":{"rendered":"<div id=\"pb_line_FC209E31B7F8524ACE2A769FF89625DB\"  class=\"pb-line pb-clear-fix\"><ul class=\"pb-layout pb-layout-50x50 pb-reset-list pb-clear-fix pb-main\"><\/p>\n<p><li class=\"pb-layout-column-left\"> <div class=\"pb-space-line\"><\/div><div><\/p>\n<p><div class=\"pb-divider pb-clear-fix\" style=\"border-bottom-width:4px;border-style:solid;border-color:#c7cbb5;margin-top:18px;margin-bottom:10px;\"><\/div><\/p>\n<h2><em>Psicologia Cl\u00ednica, Psican\u00e1lise<\/em><\/h2>\n<p><div class=\"pb-space-line\"><\/div><div class=\"pb-space pb-clear-fix\" style=\"height:20px;\"><\/div><\/p>\n<p><em>DANIELA CASTRO VITORETTI &#8211; CRP 05\/27107<br \/>\n<\/em><\/p>\n<p><div class=\"pb-divider pb-clear-fix\" style=\"border-bottom-width:1px;border-style:solid;border-color:#c7cbb5;margin-top:20px;margin-bottom:30px;\"><\/div><\/p>\n<p><img loading=\"lazy\" decoding=\"async\" class=\"alignnone wp-image-1314 size-full\" src=\"http:\/\/danivitoretti.com\/psicanalise\/wp-content\/uploads\/2023\/02\/danivitoretti-psicologa.jpg\" alt=\"Dani Vitoretti Psic\u00f3loga\" width=\"1080\" height=\"1080\" srcset=\"https:\/\/danivitoretti.com\/psicanalise\/wp-content\/uploads\/2023\/02\/danivitoretti-psicologa.jpg 1080w, https:\/\/danivitoretti.com\/psicanalise\/wp-content\/uploads\/2023\/02\/danivitoretti-psicologa-300x300.jpg 300w, https:\/\/danivitoretti.com\/psicanalise\/wp-content\/uploads\/2023\/02\/danivitoretti-psicologa-1024x1024.jpg 1024w, https:\/\/danivitoretti.com\/psicanalise\/wp-content\/uploads\/2023\/02\/danivitoretti-psicologa-150x150.jpg 150w, https:\/\/danivitoretti.com\/psicanalise\/wp-content\/uploads\/2023\/02\/danivitoretti-psicologa-768x768.jpg 768w, https:\/\/danivitoretti.com\/psicanalise\/wp-content\/uploads\/2023\/02\/danivitoretti-psicologa-750x750.jpg 750w\" sizes=\"auto, (max-width: 1080px) 100vw, 1080px\" \/><\/p>\n<p><iframe loading=\"lazy\" width=\"100%\" height=\"400\" src=\"https:\/\/www.youtube.com\/embed\/VR3IU7RCbBI\" title=\"Psicologia Cl\u00ednica - Consultas Online\" frameborder=\"0\" allow=\"accelerometer; autoplay; clipboard-write; encrypted-media; gyroscope; picture-in-picture; web-share\" allowfullscreen><\/iframe><br \/>\n<\/div><\/li><\/p>\n<p><li class=\"pb-layout-column-right\"> <div class=\"pb-space-line\"><\/div><div><\/p>\n<p>H\u00e1 mais de 20 anos atuando no atendimento em Psicologia Cl\u00ednica, graduada pela Universidade Salesiana de S\u00e3o Paulo &#8211; UE Lorena, desde 2000 e Membro da escola Corpo Freudiano \/ N\u00facleo Barra Mansa em forma\u00e7\u00e3o permanente em psican\u00e1lise.<\/p>\n<p>Psic\u00f3loga Cl\u00ednica para crian\u00e7as, adolescentes e adultos e no atendimento ambulatorial com foco em psicoterapia breve na Pr\u00f3-vida &#8211; Hospital Unimed. Tamb\u00e9m fui respons\u00e1vel pelo atendimento psicol\u00f3gico \u00e0s crian\u00e7as e adolescentes em situa\u00e7\u00e3o de risco e vulnerabilidade na Casa da Crian\u00e7a e do Adolescente, em Volta Redonda\/RJ, al\u00e9m do atendimento em equoterapia \u00e0s crian\u00e7as com Transtorno do Espectro autista, no Recanto de Equoterapia da mesma cidade onde fiz atendimento para casais e orienta\u00e7\u00e3o \u00e0 fam\u00edlia com terapia em Grupo, aplica\u00e7\u00e3o de testes de intelig\u00eancia e laudos psicol\u00f3gicos pela IASP. Na CFFOP, em Juiz de Fora, fez orienta\u00e7\u00f5es vocacionais e palestras em escolas. Participou o Projeto Agente Jovem, pelo Governo Federal, em Barra do Pira\u00ed, RJ no atendimento cl\u00ednico aos adolescentes em situa\u00e7\u00e3o de risco e vulnerabilidade social.<\/p>\n<p><div class=\"pb-divider pb-clear-fix\" style=\"width:70px;border-bottom-width:1px;border-style:solid;border-color:#c7cbb5;margin-top:30px;margin-bottom:0px;\"><\/div><\/p>\n<blockquote><p>Viver \u00e9 isso: Ficar se equilibrando o tempo todo, entre escolhas e consequ\u00eancias. (Jean-Paul Sartre)<\/p><\/blockquote>\n<p><div class=\"pb-divider pb-clear-fix\" style=\"width:70px;border-bottom-width:1px;border-style:solid;border-color:#c7cbb5;margin-top:0px;margin-bottom:35px;\"><\/div><\/p>\n<p><strong>PSICAN\u00c1LISE CL\u00cdNICA<\/strong><br \/>\nCentro Universit\u00e1rio de S\u00e3o Paulo, Lorena (2014-2015)<\/p>\n<p><strong>PSICOLOGIA E INSTITUI\u00c7\u00d5ES<\/strong><br \/>\nCentro Universit\u00e1rio de S\u00e3o Paulo, Lorena (2002-2013)<\/p>\n<p>Atualiza\u00e7\u00e3o em Psicologia, Ciclo CEAP \/ Belo Horizonte | PMK com aplica\u00e7\u00e3o e corre\u00e7\u00e3o, Consultoria Organizacional e desenvolvimento de Pessoas \/ Juiz de Fora | Adolesc\u00eancia e Depend\u00eancia Qu\u00edmica: Abordagem Familiar Sist\u00eamica. CRP \/ RJ | Grupo de estudo em Psicopatologia, Centro de Desenvolvimento Humano. SJT \/ Lorena | Sa\u00fade Mental e Viol\u00eancia Dom\u00e9stica, | Din\u00e2mica de grupo com t\u00e9cnicas para empresas, escolas e institui\u00e7\u00f5es, Centro Universit\u00e1rio Salesiano de Lorena\/SP<\/p>\n<p><div class=\"pb-space-line\"><\/div><div class=\"pb-space pb-clear-fix\" style=\"height:15px;\"><\/div><\/p>\n<p style=\"text-align: left;\"><em>Daniela Castro Vitoretti &#8211; CRP 05\/27107<\/em><\/p>\n<p><\/div><\/li><\/p>\n<p><\/ul><\/div><div class=\"pb-script-tag\"><script type=\"text\/javascript\">jQuery(document).ready(function($){$(\"#pb_line_FC209E31B7F8524ACE2A769FF89625DB\").PBLayout([],0);});<\/script><\/div>\n<div class=\"pb-space-line\"><\/div><div class=\"pb-space pb-clear-fix\" style=\"height:50px;\"><\/div>\n<p style=\"text-align: left;\"><img loading=\"lazy\" decoding=\"async\" class=\"size-full wp-image-399 aligncenter\" src=\"http:\/\/danivitoretti.com\/psicanalise\/wp-content\/uploads\/2016\/11\/ornament.png\" alt=\"ornament\" width=\"110\" height=\"50\" \/><\/p>\n","protected":false},"excerpt":{"rendered":"","protected":false},"author":1,"featured_media":0,"parent":0,"menu_order":0,"comment_status":"closed","ping_status":"closed","template":"page.php","meta":{"footnotes":""},"class_list":["post-579","page","type-page","status-publish","hentry"],"yoast_head":"<!-- This site is optimized with the Yoast SEO plugin v27.2 - https:\/\/yoast.com\/product\/yoast-seo-wordpress\/ -->\n<title>Daniela Castro Vitoretti - Psican\u00e1lise<\/title>\n<meta name=\"robots\" content=\"index, follow, max-snippet:-1, max-image-preview:large, max-video-preview:-1\" \/>\n<link rel=\"canonical\" href=\"https:\/\/danivitoretti.com\/psicanalise\/daniela-castro-vitoretti\/\" \/>\n<meta property=\"og:locale\" content=\"pt_BR\" \/>\n<meta property=\"og:type\" content=\"article\" \/>\n<meta property=\"og:title\" content=\"Daniela Castro Vitoretti - Psican\u00e1lise\" \/>\n<meta property=\"og:url\" content=\"https:\/\/danivitoretti.com\/psicanalise\/daniela-castro-vitoretti\/\" \/>\n<meta property=\"og:site_name\" content=\"Psican\u00e1lise\" \/>\n<meta property=\"article:modified_time\" content=\"2023-02-28T20:49:25+00:00\" \/>\n<meta property=\"og:image\" content=\"http:\/\/danivitoretti.com\/psicanalise\/wp-content\/uploads\/2023\/02\/danivitoretti-psicologa.jpg\" \/>\n<meta name=\"twitter:card\" content=\"summary_large_image\" \/>\n<meta name=\"twitter:label1\" content=\"Est. tempo de leitura\" \/>\n\t<meta name=\"twitter:data1\" content=\"2 minutos\" \/>\n<script type=\"application\/ld+json\" class=\"yoast-schema-graph\">{\"@context\":\"https:\/\/schema.org\",\"@graph\":[{\"@type\":\"WebPage\",\"@id\":\"https:\/\/danivitoretti.com\/psicanalise\/daniela-castro-vitoretti\/\",\"url\":\"https:\/\/danivitoretti.com\/psicanalise\/daniela-castro-vitoretti\/\",\"name\":\"Daniela Castro Vitoretti - Psican\u00e1lise\",\"isPartOf\":{\"@id\":\"https:\/\/danivitoretti.com\/psicanalise\/#website\"},\"primaryImageOfPage\":{\"@id\":\"https:\/\/danivitoretti.com\/psicanalise\/daniela-castro-vitoretti\/#primaryimage\"},\"image\":{\"@id\":\"https:\/\/danivitoretti.com\/psicanalise\/daniela-castro-vitoretti\/#primaryimage\"},\"thumbnailUrl\":\"http:\/\/danivitoretti.com\/psicanalise\/wp-content\/uploads\/2023\/02\/danivitoretti-psicologa.jpg\",\"datePublished\":\"2016-11-22T10:41:40+00:00\",\"dateModified\":\"2023-02-28T20:49:25+00:00\",\"breadcrumb\":{\"@id\":\"https:\/\/danivitoretti.com\/psicanalise\/daniela-castro-vitoretti\/#breadcrumb\"},\"inLanguage\":\"pt-BR\",\"potentialAction\":[{\"@type\":\"ReadAction\",\"target\":[\"https:\/\/danivitoretti.com\/psicanalise\/daniela-castro-vitoretti\/\"]}]},{\"@type\":\"ImageObject\",\"inLanguage\":\"pt-BR\",\"@id\":\"https:\/\/danivitoretti.com\/psicanalise\/daniela-castro-vitoretti\/#primaryimage\",\"url\":\"https:\/\/danivitoretti.com\/psicanalise\/wp-content\/uploads\/2023\/02\/danivitoretti-psicologa.jpg\",\"contentUrl\":\"https:\/\/danivitoretti.com\/psicanalise\/wp-content\/uploads\/2023\/02\/danivitoretti-psicologa.jpg\",\"width\":1080,\"height\":1080,\"caption\":\"Dani Vitoretti Psic\u00f3loga\"},{\"@type\":\"BreadcrumbList\",\"@id\":\"https:\/\/danivitoretti.com\/psicanalise\/daniela-castro-vitoretti\/#breadcrumb\",\"itemListElement\":[{\"@type\":\"ListItem\",\"position\":1,\"name\":\"In\u00edcio\",\"item\":\"https:\/\/danivitoretti.com\/psicanalise\/\"},{\"@type\":\"ListItem\",\"position\":2,\"name\":\"Daniela Castro Vitoretti\"}]},{\"@type\":\"WebSite\",\"@id\":\"https:\/\/danivitoretti.com\/psicanalise\/#website\",\"url\":\"https:\/\/danivitoretti.com\/psicanalise\/\",\"name\":\"Psican\u00e1lise\",\"description\":\"Psicologia Cl\u00ednica - Daniela Vitoretti CRP 05\/27107\",\"publisher\":{\"@id\":\"https:\/\/danivitoretti.com\/psicanalise\/#\/schema\/person\/87c74e41242a0e33c964870080c20dcd\"},\"potentialAction\":[{\"@type\":\"SearchAction\",\"target\":{\"@type\":\"EntryPoint\",\"urlTemplate\":\"https:\/\/danivitoretti.com\/psicanalise\/?s={search_term_string}\"},\"query-input\":{\"@type\":\"PropertyValueSpecification\",\"valueRequired\":true,\"valueName\":\"search_term_string\"}}],\"inLanguage\":\"pt-BR\"},{\"@type\":[\"Person\",\"Organization\"],\"@id\":\"https:\/\/danivitoretti.com\/psicanalise\/#\/schema\/person\/87c74e41242a0e33c964870080c20dcd\",\"name\":\"Dani\",\"image\":{\"@type\":\"ImageObject\",\"inLanguage\":\"pt-BR\",\"@id\":\"http:\/\/danivitoretti.com\/psicanalise\/wp-content\/uploads\/2023\/03\/vitoretti-dani-psicologa.jpg\",\"url\":\"http:\/\/danivitoretti.com\/psicanalise\/wp-content\/uploads\/2023\/03\/vitoretti-dani-psicologa.jpg\",\"contentUrl\":\"http:\/\/danivitoretti.com\/psicanalise\/wp-content\/uploads\/2023\/03\/vitoretti-dani-psicologa.jpg\",\"width\":520,\"height\":520,\"caption\":\"Dani\"},\"logo\":{\"@id\":\"http:\/\/danivitoretti.com\/psicanalise\/wp-content\/uploads\/2023\/03\/vitoretti-dani-psicologa.jpg\"},\"sameAs\":[\"https:\/\/teal-goldfish-436582.hostingersite.com\/psicanalise\"]}]}<\/script>\n<!-- \/ Yoast SEO plugin. -->","yoast_head_json":{"title":"Daniela Castro Vitoretti - Psican\u00e1lise","robots":{"index":"index","follow":"follow","max-snippet":"max-snippet:-1","max-image-preview":"max-image-preview:large","max-video-preview":"max-video-preview:-1"},"canonical":"https:\/\/danivitoretti.com\/psicanalise\/daniela-castro-vitoretti\/","og_locale":"pt_BR","og_type":"article","og_title":"Daniela Castro Vitoretti - Psican\u00e1lise","og_url":"https:\/\/danivitoretti.com\/psicanalise\/daniela-castro-vitoretti\/","og_site_name":"Psican\u00e1lise","article_modified_time":"2023-02-28T20:49:25+00:00","og_image":[{"url":"http:\/\/danivitoretti.com\/psicanalise\/wp-content\/uploads\/2023\/02\/danivitoretti-psicologa.jpg","type":"","width":"","height":""}],"twitter_card":"summary_large_image","twitter_misc":{"Est. tempo de leitura":"2 minutos"},"schema":{"@context":"https:\/\/schema.org","@graph":[{"@type":"WebPage","@id":"https:\/\/danivitoretti.com\/psicanalise\/daniela-castro-vitoretti\/","url":"https:\/\/danivitoretti.com\/psicanalise\/daniela-castro-vitoretti\/","name":"Daniela Castro Vitoretti - Psican\u00e1lise","isPartOf":{"@id":"https:\/\/danivitoretti.com\/psicanalise\/#website"},"primaryImageOfPage":{"@id":"https:\/\/danivitoretti.com\/psicanalise\/daniela-castro-vitoretti\/#primaryimage"},"image":{"@id":"https:\/\/danivitoretti.com\/psicanalise\/daniela-castro-vitoretti\/#primaryimage"},"thumbnailUrl":"http:\/\/danivitoretti.com\/psicanalise\/wp-content\/uploads\/2023\/02\/danivitoretti-psicologa.jpg","datePublished":"2016-11-22T10:41:40+00:00","dateModified":"2023-02-28T20:49:25+00:00","breadcrumb":{"@id":"https:\/\/danivitoretti.com\/psicanalise\/daniela-castro-vitoretti\/#breadcrumb"},"inLanguage":"pt-BR","potentialAction":[{"@type":"ReadAction","target":["https:\/\/danivitoretti.com\/psicanalise\/daniela-castro-vitoretti\/"]}]},{"@type":"ImageObject","inLanguage":"pt-BR","@id":"https:\/\/danivitoretti.com\/psicanalise\/daniela-castro-vitoretti\/#primaryimage","url":"https:\/\/danivitoretti.com\/psicanalise\/wp-content\/uploads\/2023\/02\/danivitoretti-psicologa.jpg","contentUrl":"https:\/\/danivitoretti.com\/psicanalise\/wp-content\/uploads\/2023\/02\/danivitoretti-psicologa.jpg","width":1080,"height":1080,"caption":"Dani Vitoretti Psic\u00f3loga"},{"@type":"BreadcrumbList","@id":"https:\/\/danivitoretti.com\/psicanalise\/daniela-castro-vitoretti\/#breadcrumb","itemListElement":[{"@type":"ListItem","position":1,"name":"In\u00edcio","item":"https:\/\/danivitoretti.com\/psicanalise\/"},{"@type":"ListItem","position":2,"name":"Daniela Castro Vitoretti"}]},{"@type":"WebSite","@id":"https:\/\/danivitoretti.com\/psicanalise\/#website","url":"https:\/\/danivitoretti.com\/psicanalise\/","name":"Psican\u00e1lise","description":"Psicologia Cl\u00ednica - Daniela Vitoretti CRP 05\/27107","publisher":{"@id":"https:\/\/danivitoretti.com\/psicanalise\/#\/schema\/person\/87c74e41242a0e33c964870080c20dcd"},"potentialAction":[{"@type":"SearchAction","target":{"@type":"EntryPoint","urlTemplate":"https:\/\/danivitoretti.com\/psicanalise\/?s={search_term_string}"},"query-input":{"@type":"PropertyValueSpecification","valueRequired":true,"valueName":"search_term_string"}}],"inLanguage":"pt-BR"},{"@type":["Person","Organization"],"@id":"https:\/\/danivitoretti.com\/psicanalise\/#\/schema\/person\/87c74e41242a0e33c964870080c20dcd","name":"Dani","image":{"@type":"ImageObject","inLanguage":"pt-BR","@id":"http:\/\/danivitoretti.com\/psicanalise\/wp-content\/uploads\/2023\/03\/vitoretti-dani-psicologa.jpg","url":"http:\/\/danivitoretti.com\/psicanalise\/wp-content\/uploads\/2023\/03\/vitoretti-dani-psicologa.jpg","contentUrl":"http:\/\/danivitoretti.com\/psicanalise\/wp-content\/uploads\/2023\/03\/vitoretti-dani-psicologa.jpg","width":520,"height":520,"caption":"Dani"},"logo":{"@id":"http:\/\/danivitoretti.com\/psicanalise\/wp-content\/uploads\/2023\/03\/vitoretti-dani-psicologa.jpg"},"sameAs":["https:\/\/teal-goldfish-436582.hostingersite.com\/psicanalise"]}]}},"_links":{"self":[{"href":"https:\/\/danivitoretti.com\/psicanalise\/wp-json\/wp\/v2\/pages\/579","targetHints":{"allow":["GET"]}}],"collection":[{"href":"https:\/\/danivitoretti.com\/psicanalise\/wp-json\/wp\/v2\/pages"}],"about":[{"href":"https:\/\/danivitoretti.com\/psicanalise\/wp-json\/wp\/v2\/types\/page"}],"author":[{"embeddable":true,"href":"https:\/\/danivitoretti.com\/psicanalise\/wp-json\/wp\/v2\/users\/1"}],"replies":[{"embeddable":true,"href":"https:\/\/danivitoretti.com\/psicanalise\/wp-json\/wp\/v2\/comments?post=579"}],"version-history":[{"count":0,"href":"https:\/\/danivitoretti.com\/psicanalise\/wp-json\/wp\/v2\/pages\/579\/revisions"}],"wp:attachment":[{"href":"https:\/\/danivitoretti.com\/psicanalise\/wp-json\/wp\/v2\/media?parent=579"}],"curies":[{"name":"wp","href":"https:\/\/api.w.org\/{rel}","templated":true}]}}