{"id":115,"date":"2016-11-08T10:06:41","date_gmt":"2016-11-08T10:06:41","guid":{"rendered":"http:\/\/quanticalabs.com\/wp_themes2\/portada\/?page_id=115"},"modified":"2023-03-01T13:48:22","modified_gmt":"2023-03-01T16:48:22","slug":"psicanalise-psicologia-clinica","status":"publish","type":"page","link":"https:\/\/danivitoretti.com\/psicanalise\/","title":{"rendered":"Psican\u00e1lise &#8211; Psicologia Cl\u00ednica"},"content":{"rendered":"","protected":false},"excerpt":{"rendered":"","protected":false},"author":1,"featured_media":0,"parent":0,"menu_order":0,"comment_status":"closed","ping_status":"closed","template":"blog-grid-leading-post.php","meta":{"footnotes":""},"class_list":["post-115","page","type-page","status-publish","hentry"],"yoast_head":"<!-- This site is optimized with the Yoast SEO plugin v27.2 - https:\/\/yoast.com\/product\/yoast-seo-wordpress\/ -->\n<title>Psican\u00e1lise - Psicologia Cl\u00ednica - Psican\u00e1lise<\/title>\n<meta name=\"description\" content=\"Psican\u00e1lise - Psicologia Cl\u00ednica - Daniela Castro Vitoretti CRP 05\/27107 - Agende um Atendimento e Sess\u00e3o Online\" \/>\n<meta name=\"robots\" content=\"index, follow, max-snippet:-1, max-image-preview:large, max-video-preview:-1\" \/>\n<link rel=\"canonical\" href=\"https:\/\/danivitoretti.com\/psicanalise\/\" \/>\n<meta property=\"og:locale\" content=\"pt_BR\" \/>\n<meta property=\"og:type\" content=\"article\" \/>\n<meta property=\"og:title\" content=\"Psican\u00e1lise - Psicologia Cl\u00ednica - Psican\u00e1lise\" \/>\n<meta property=\"og:description\" content=\"Psican\u00e1lise - Psicologia Cl\u00ednica - Daniela Castro Vitoretti CRP 05\/27107 - Agende um Atendimento e Sess\u00e3o Online\" \/>\n<meta property=\"og:url\" content=\"https:\/\/danivitoretti.com\/psicanalise\/\" \/>\n<meta property=\"og:site_name\" content=\"Psican\u00e1lise\" \/>\n<meta property=\"article:modified_time\" content=\"2023-03-01T16:48:22+00:00\" \/>\n<meta name=\"twitter:card\" content=\"summary_large_image\" \/>\n<script type=\"application\/ld+json\" class=\"yoast-schema-graph\">{\"@context\":\"https:\/\/schema.org\",\"@graph\":[{\"@type\":\"WebPage\",\"@id\":\"https:\/\/danivitoretti.com\/psicanalise\/\",\"url\":\"https:\/\/danivitoretti.com\/psicanalise\/\",\"name\":\"Psican\u00e1lise - Psicologia Cl\u00ednica - Psican\u00e1lise\",\"isPartOf\":{\"@id\":\"https:\/\/danivitoretti.com\/psicanalise\/#website\"},\"datePublished\":\"2016-11-08T10:06:41+00:00\",\"dateModified\":\"2023-03-01T16:48:22+00:00\",\"description\":\"Psican\u00e1lise - Psicologia Cl\u00ednica - Daniela Castro Vitoretti CRP 05\/27107 - Agende um Atendimento e Sess\u00e3o Online\",\"breadcrumb\":{\"@id\":\"https:\/\/danivitoretti.com\/psicanalise\/#breadcrumb\"},\"inLanguage\":\"pt-BR\",\"potentialAction\":[{\"@type\":\"ReadAction\",\"target\":[\"https:\/\/danivitoretti.com\/psicanalise\/\"]}]},{\"@type\":\"BreadcrumbList\",\"@id\":\"https:\/\/danivitoretti.com\/psicanalise\/#breadcrumb\",\"itemListElement\":[{\"@type\":\"ListItem\",\"position\":1,\"name\":\"In\u00edcio\",\"item\":\"https:\/\/danivitoretti.com\/psicanalise\/\"},{\"@type\":\"ListItem\",\"position\":2,\"name\":\"Psican\u00e1lise &#8211; Psicologia Cl\u00ednica\"}]},{\"@type\":\"WebSite\",\"@id\":\"https:\/\/danivitoretti.com\/psicanalise\/#website\",\"url\":\"https:\/\/danivitoretti.com\/psicanalise\/\",\"name\":\"Psican\u00e1lise\",\"description\":\"Psicologia Cl\u00ednica - Daniela Vitoretti CRP 05\/27107\",\"publisher\":{\"@id\":\"https:\/\/danivitoretti.com\/psicanalise\/#\/schema\/person\/87c74e41242a0e33c964870080c20dcd\"},\"potentialAction\":[{\"@type\":\"SearchAction\",\"target\":{\"@type\":\"EntryPoint\",\"urlTemplate\":\"https:\/\/danivitoretti.com\/psicanalise\/?s={search_term_string}\"},\"query-input\":{\"@type\":\"PropertyValueSpecification\",\"valueRequired\":true,\"valueName\":\"search_term_string\"}}],\"inLanguage\":\"pt-BR\"},{\"@type\":[\"Person\",\"Organization\"],\"@id\":\"https:\/\/danivitoretti.com\/psicanalise\/#\/schema\/person\/87c74e41242a0e33c964870080c20dcd\",\"name\":\"Dani\",\"image\":{\"@type\":\"ImageObject\",\"inLanguage\":\"pt-BR\",\"@id\":\"http:\/\/danivitoretti.com\/psicanalise\/wp-content\/uploads\/2023\/03\/vitoretti-dani-psicologa.jpg\",\"url\":\"http:\/\/danivitoretti.com\/psicanalise\/wp-content\/uploads\/2023\/03\/vitoretti-dani-psicologa.jpg\",\"contentUrl\":\"http:\/\/danivitoretti.com\/psicanalise\/wp-content\/uploads\/2023\/03\/vitoretti-dani-psicologa.jpg\",\"width\":520,\"height\":520,\"caption\":\"Dani\"},\"logo\":{\"@id\":\"http:\/\/danivitoretti.com\/psicanalise\/wp-content\/uploads\/2023\/03\/vitoretti-dani-psicologa.jpg\"},\"sameAs\":[\"https:\/\/teal-goldfish-436582.hostingersite.com\/psicanalise\"]}]}<\/script>\n<!-- \/ Yoast SEO plugin. -->","yoast_head_json":{"title":"Psican\u00e1lise - Psicologia Cl\u00ednica - Psican\u00e1lise","description":"Psican\u00e1lise - Psicologia Cl\u00ednica - Daniela Castro Vitoretti CRP 05\/27107 - Agende um Atendimento e Sess\u00e3o Online","robots":{"index":"index","follow":"follow","max-snippet":"max-snippet:-1","max-image-preview":"max-image-preview:large","max-video-preview":"max-video-preview:-1"},"canonical":"https:\/\/danivitoretti.com\/psicanalise\/","og_locale":"pt_BR","og_type":"article","og_title":"Psican\u00e1lise - Psicologia Cl\u00ednica - Psican\u00e1lise","og_description":"Psican\u00e1lise - Psicologia Cl\u00ednica - Daniela Castro Vitoretti CRP 05\/27107 - Agende um Atendimento e Sess\u00e3o Online","og_url":"https:\/\/danivitoretti.com\/psicanalise\/","og_site_name":"Psican\u00e1lise","article_modified_time":"2023-03-01T16:48:22+00:00","twitter_card":"summary_large_image","schema":{"@context":"https:\/\/schema.org","@graph":[{"@type":"WebPage","@id":"https:\/\/danivitoretti.com\/psicanalise\/","url":"https:\/\/danivitoretti.com\/psicanalise\/","name":"Psican\u00e1lise - Psicologia Cl\u00ednica - Psican\u00e1lise","isPartOf":{"@id":"https:\/\/danivitoretti.com\/psicanalise\/#website"},"datePublished":"2016-11-08T10:06:41+00:00","dateModified":"2023-03-01T16:48:22+00:00","description":"Psican\u00e1lise - Psicologia Cl\u00ednica - Daniela Castro Vitoretti CRP 05\/27107 - Agende um Atendimento e Sess\u00e3o Online","breadcrumb":{"@id":"https:\/\/danivitoretti.com\/psicanalise\/#breadcrumb"},"inLanguage":"pt-BR","potentialAction":[{"@type":"ReadAction","target":["https:\/\/danivitoretti.com\/psicanalise\/"]}]},{"@type":"BreadcrumbList","@id":"https:\/\/danivitoretti.com\/psicanalise\/#breadcrumb","itemListElement":[{"@type":"ListItem","position":1,"name":"In\u00edcio","item":"https:\/\/danivitoretti.com\/psicanalise\/"},{"@type":"ListItem","position":2,"name":"Psican\u00e1lise &#8211; Psicologia Cl\u00ednica"}]},{"@type":"WebSite","@id":"https:\/\/danivitoretti.com\/psicanalise\/#website","url":"https:\/\/danivitoretti.com\/psicanalise\/","name":"Psican\u00e1lise","description":"Psicologia Cl\u00ednica - Daniela Vitoretti CRP 05\/27107","publisher":{"@id":"https:\/\/danivitoretti.com\/psicanalise\/#\/schema\/person\/87c74e41242a0e33c964870080c20dcd"},"potentialAction":[{"@type":"SearchAction","target":{"@type":"EntryPoint","urlTemplate":"https:\/\/danivitoretti.com\/psicanalise\/?s={search_term_string}"},"query-input":{"@type":"PropertyValueSpecification","valueRequired":true,"valueName":"search_term_string"}}],"inLanguage":"pt-BR"},{"@type":["Person","Organization"],"@id":"https:\/\/danivitoretti.com\/psicanalise\/#\/schema\/person\/87c74e41242a0e33c964870080c20dcd","name":"Dani","image":{"@type":"ImageObject","inLanguage":"pt-BR","@id":"http:\/\/danivitoretti.com\/psicanalise\/wp-content\/uploads\/2023\/03\/vitoretti-dani-psicologa.jpg","url":"http:\/\/danivitoretti.com\/psicanalise\/wp-content\/uploads\/2023\/03\/vitoretti-dani-psicologa.jpg","contentUrl":"http:\/\/danivitoretti.com\/psicanalise\/wp-content\/uploads\/2023\/03\/vitoretti-dani-psicologa.jpg","width":520,"height":520,"caption":"Dani"},"logo":{"@id":"http:\/\/danivitoretti.com\/psicanalise\/wp-content\/uploads\/2023\/03\/vitoretti-dani-psicologa.jpg"},"sameAs":["https:\/\/teal-goldfish-436582.hostingersite.com\/psicanalise"]}]}},"_links":{"self":[{"href":"https:\/\/danivitoretti.com\/psicanalise\/wp-json\/wp\/v2\/pages\/115","targetHints":{"allow":["GET"]}}],"collection":[{"href":"https:\/\/danivitoretti.com\/psicanalise\/wp-json\/wp\/v2\/pages"}],"about":[{"href":"https:\/\/danivitoretti.com\/psicanalise\/wp-json\/wp\/v2\/types\/page"}],"author":[{"embeddable":true,"href":"https:\/\/danivitoretti.com\/psicanalise\/wp-json\/wp\/v2\/users\/1"}],"replies":[{"embeddable":true,"href":"https:\/\/danivitoretti.com\/psicanalise\/wp-json\/wp\/v2\/comments?post=115"}],"version-history":[{"count":0,"href":"https:\/\/danivitoretti.com\/psicanalise\/wp-json\/wp\/v2\/pages\/115\/revisions"}],"wp:attachment":[{"href":"https:\/\/danivitoretti.com\/psicanalise\/wp-json\/wp\/v2\/media?parent=115"}],"curies":[{"name":"wp","href":"https:\/\/api.w.org\/{rel}","templated":true}]}}